{"id":75,"date":"2018-11-04T18:36:01","date_gmt":"2018-11-04T17:36:01","guid":{"rendered":"http:\/\/cantocello.ddns.net\/?page_id=75"},"modified":"2025-01-01T12:46:06","modified_gmt":"2025-01-01T11:46:06","slug":"contact","status":"publish","type":"page","link":"https:\/\/cantocello.ddns.net\/?page_id=75","title":{"rendered":"Contact"},"content":{"rendered":"\n<p>Nous sommes \u00e0 votre disposition pour tout compl\u00e9ment d\u2019information et serions ravis si notre proposition de concert pouvait vous int\u00e9resser.<\/p>\n\n\n\n<p style=\"text-align:center\"><strong>Personne de contact :<br><\/strong>Mich\u00e8le Duvoisin<br>Impasse de la Combe 10<br>1037 \u00c9tagni\u00e8res<br>079 250 05 06<br><a href=\"mailto:micheleduvoisin@bluewin.ch\">micheleduvoisin@bluewin.ch<\/a><\/p>\n\n\n\n<p style=\"text-align:center\"><strong><br>Coordonn\u00e9es bancaires :<br><\/strong>Association Cantocello<br>Route du Jorat 20<br>1052 Le Mont-sur-Lausanne<br>IBAN  : CH 68 0900 0000 1528 0855 1<br>CCP 15-280855-1<\/p>\n\n\n\n<p style=\"text-align:center\"><br><\/p>\n\n\n\n<p><\/p>\n","protected":false},"excerpt":{"rendered":"<p>Nous sommes \u00e0 votre disposition pour tout compl\u00e9ment d\u2019information et serions ravis si notre proposition de concert pouvait vous int\u00e9resser. Personne de contact :Mich\u00e8le DuvoisinImpasse de la Combe 101037 \u00c9tagni\u00e8res079 250 05 06micheleduvoisin@bluewin.ch Coordonn\u00e9es bancaires :Association CantocelloRoute du Jorat 201052 Le Mont-sur-LausanneIBAN : CH 68 0900 0000 1528 0855 1CCP 15-280855-1<\/p>\n","protected":false},"author":1,"featured_media":0,"parent":0,"menu_order":0,"comment_status":"closed","ping_status":"closed","template":"","meta":{"footnotes":""},"class_list":["post-75","page","type-page","status-publish","hentry"],"_links":{"self":[{"href":"https:\/\/cantocello.ddns.net\/index.php?rest_route=\/wp\/v2\/pages\/75","targetHints":{"allow":["GET"]}}],"collection":[{"href":"https:\/\/cantocello.ddns.net\/index.php?rest_route=\/wp\/v2\/pages"}],"about":[{"href":"https:\/\/cantocello.ddns.net\/index.php?rest_route=\/wp\/v2\/types\/page"}],"author":[{"embeddable":true,"href":"https:\/\/cantocello.ddns.net\/index.php?rest_route=\/wp\/v2\/users\/1"}],"replies":[{"embeddable":true,"href":"https:\/\/cantocello.ddns.net\/index.php?rest_route=%2Fwp%2Fv2%2Fcomments&post=75"}],"version-history":[{"count":0,"href":"https:\/\/cantocello.ddns.net\/index.php?rest_route=\/wp\/v2\/pages\/75\/revisions"}],"wp:attachment":[{"href":"https:\/\/cantocello.ddns.net\/index.php?rest_route=%2Fwp%2Fv2%2Fmedia&parent=75"}],"curies":[{"name":"wp","href":"https:\/\/api.w.org\/{rel}","templated":true}]}}