{"id":74,"date":"2018-11-04T18:36:01","date_gmt":"2018-11-04T17:36:01","guid":{"rendered":"http:\/\/cantocello.ddns.net\/?page_id=74"},"modified":"2025-01-01T13:01:19","modified_gmt":"2025-01-01T12:01:19","slug":"a-propos-de","status":"publish","type":"page","link":"https:\/\/cantocello.ddns.net\/?page_id=74","title":{"rendered":"\u00c0 propos de l&rsquo;ensemble"},"content":{"rendered":"<p>Douze voix sont r\u00e9unies autour d&rsquo;un violoncelle, sous la direction de chefs invit\u00e9s comme <span style=\"color: #993300;\"><a style=\"color: #993300;\" href=\"http:\/\/cantocello.ddns.net\/?p=117\">Jean-Luc Waeber<\/a>, <a style=\"color: #993300;\" href=\"http:\/\/cantocello.ddns.net\/?p=117\">Pascal Crittin<\/a><\/span> et <a href=\"http:\/\/cantocello.ddns.net\/?p=117\"><span style=\"color: #993300;\">Marine Le Mou\u00ebl<\/span><\/a> pour faire vivre des pi\u00e8ces du r\u00e9pertoire qui mettent en valeur l&rsquo;expressivit\u00e9 et la douceur des timbres.<\/p>\n<p><span style=\"color: #993300;\"><span style=\"color: #000000;\">Le violoncelliste<\/span> <a style=\"color: #993300;\" href=\"http:\/\/www.pascaldesarzens.ch\/\">Pascal Desarzens<\/a><\/span> nous accompagne depuis l&rsquo;automne 2021.<\/p>\n<p style=\"text-align: center;\"><strong>Chanteuses<\/strong><\/p>\n<p style=\"text-align: center;\">B\u00e9atrice Cadalbert<br \/>Christine Chiado-Rana<br \/>Catherine Cruchet<br \/>Mich\u00e8le Duvoisin<br \/>Isabelle Favre Pralong<br \/>Murielle Schorno<br \/>Catherine Trezzini<\/p>\n<p style=\"text-align: center;\"><strong>Chanteurs<\/strong><\/p>\n<p style=\"text-align: center;\">Hans-J\u00f6rg Albrecher<br \/>Damien Cerruti<br \/>Michel Donegani<br \/>Jean-Pascal Laedermann<br \/>Luigi St\u00e4hli<br \/>Luca Van Autryve<\/p>\n<p>\u00a0<\/p>\n\n\n<p><\/p>\n","protected":false},"excerpt":{"rendered":"<p>Douze voix sont r\u00e9unies autour d&rsquo;un violoncelle, sous la direction de chefs invit\u00e9s comme Jean-Luc Waeber, Pascal Crittin et Marine Le Mou\u00ebl pour faire vivre des pi\u00e8ces du r\u00e9pertoire qui mettent en valeur l&rsquo;expressivit\u00e9 et la douceur des timbres. Le violoncelliste Pascal Desarzens nous accompagne depuis l&rsquo;automne 2021. Chanteuses B\u00e9atrice CadalbertChristine Chiado-RanaCatherine CruchetMich\u00e8le DuvoisinIsabelle Favre [&hellip;]<\/p>\n","protected":false},"author":1,"featured_media":0,"parent":0,"menu_order":0,"comment_status":"closed","ping_status":"closed","template":"","meta":{"footnotes":""},"class_list":["post-74","page","type-page","status-publish","hentry"],"_links":{"self":[{"href":"https:\/\/cantocello.ddns.net\/index.php?rest_route=\/wp\/v2\/pages\/74","targetHints":{"allow":["GET"]}}],"collection":[{"href":"https:\/\/cantocello.ddns.net\/index.php?rest_route=\/wp\/v2\/pages"}],"about":[{"href":"https:\/\/cantocello.ddns.net\/index.php?rest_route=\/wp\/v2\/types\/page"}],"author":[{"embeddable":true,"href":"https:\/\/cantocello.ddns.net\/index.php?rest_route=\/wp\/v2\/users\/1"}],"replies":[{"embeddable":true,"href":"https:\/\/cantocello.ddns.net\/index.php?rest_route=%2Fwp%2Fv2%2Fcomments&post=74"}],"version-history":[{"count":0,"href":"https:\/\/cantocello.ddns.net\/index.php?rest_route=\/wp\/v2\/pages\/74\/revisions"}],"wp:attachment":[{"href":"https:\/\/cantocello.ddns.net\/index.php?rest_route=%2Fwp%2Fv2%2Fmedia&parent=74"}],"curies":[{"name":"wp","href":"https:\/\/api.w.org\/{rel}","templated":true}]}}