{"id":148,"date":"2018-11-10T10:32:31","date_gmt":"2018-11-10T09:32:31","guid":{"rendered":"http:\/\/cantocello.ddns.net\/?page_id=148"},"modified":"2026-03-29T18:48:47","modified_gmt":"2026-03-29T16:48:47","slug":"concerts","status":"publish","type":"page","link":"https:\/\/cantocello.ddns.net\/?page_id=148","title":{"rendered":"Concerts"},"content":{"rendered":"\n<h3 class=\"wp-block-heading\"><strong>Concerts \u00e0 venir<\/strong><\/h3>\n\n\n\n<p>Nous pourrez nous entendre sous la direction de <a href=\"https:\/\/cantocello.ddns.net\/?p=117\">Jean-Luc Waeber<\/a><\/p>\n\n\n\n<ul class=\"wp-block-list\">\n<li><strong>Vendredi 3 avril 2026 \u00e0 18h <\/strong>\u00e0 La Pelouse, Bex<\/li>\n\n\n\n<li><strong>Samedi 28 novembre 2026,<\/strong> \u00c9glise des Capucins, Fribourg,<\/li>\n\n\n\n<li><strong>Dimanche 29 novembre 2026<\/strong> \u00e0 Notre-Dame de Lavaux, Cully<\/li>\n\n\n\n<li><strong>Samedi 23 janvier 2027<\/strong>, \u00c9glise des Capucins, Romont<\/li>\n\n\n\n<li><strong>Samedi 24 avril 2027,<\/strong> \u00c9glise de Meyriez<\/li>\n<\/ul>\n\n\n\n<figure class=\"wp-block-image size-large\"><img loading=\"lazy\" decoding=\"async\" width=\"724\" height=\"1024\" src=\"https:\/\/cantocello.ddns.net\/wp-content\/uploads\/2026\/02\/Flyer-Cantocello-Pelouse-mars-2026-revu-724x1024.jpg\" alt=\"\" class=\"wp-image-947\" srcset=\"https:\/\/cantocello.ddns.net\/wp-content\/uploads\/2026\/02\/Flyer-Cantocello-Pelouse-mars-2026-revu-724x1024.jpg 724w, https:\/\/cantocello.ddns.net\/wp-content\/uploads\/2026\/02\/Flyer-Cantocello-Pelouse-mars-2026-revu-212x300.jpg 212w, https:\/\/cantocello.ddns.net\/wp-content\/uploads\/2026\/02\/Flyer-Cantocello-Pelouse-mars-2026-revu-768x1086.jpg 768w, https:\/\/cantocello.ddns.net\/wp-content\/uploads\/2026\/02\/Flyer-Cantocello-Pelouse-mars-2026-revu-1086x1536.jpg 1086w, https:\/\/cantocello.ddns.net\/wp-content\/uploads\/2026\/02\/Flyer-Cantocello-Pelouse-mars-2026-revu-1448x2048.jpg 1448w, https:\/\/cantocello.ddns.net\/wp-content\/uploads\/2026\/02\/Flyer-Cantocello-Pelouse-mars-2026-revu-624x882.jpg 624w, https:\/\/cantocello.ddns.net\/wp-content\/uploads\/2026\/02\/Flyer-Cantocello-Pelouse-mars-2026-revu-scaled.jpg 1810w\" sizes=\"auto, (max-width: 724px) 100vw, 724px\" \/><\/figure>\n\n\n\n<figure class=\"wp-block-gallery has-nested-images columns-default is-cropped wp-block-gallery-1 is-layout-flex wp-block-gallery-is-layout-flex\">\n<figure class=\"wp-block-image size-large\"><img loading=\"lazy\" decoding=\"async\" width=\"1024\" height=\"771\" data-id=\"932\" src=\"https:\/\/cantocello.ddns.net\/wp-content\/uploads\/2025\/11\/WhatsApp-Image-2025-11-01-at-20.36.49-1024x771.jpeg\" alt=\"\" class=\"wp-image-932\" srcset=\"https:\/\/cantocello.ddns.net\/wp-content\/uploads\/2025\/11\/WhatsApp-Image-2025-11-01-at-20.36.49-1024x771.jpeg 1024w, https:\/\/cantocello.ddns.net\/wp-content\/uploads\/2025\/11\/WhatsApp-Image-2025-11-01-at-20.36.49-300x226.jpeg 300w, https:\/\/cantocello.ddns.net\/wp-content\/uploads\/2025\/11\/WhatsApp-Image-2025-11-01-at-20.36.49-768x578.jpeg 768w, https:\/\/cantocello.ddns.net\/wp-content\/uploads\/2025\/11\/WhatsApp-Image-2025-11-01-at-20.36.49-1536x1157.jpeg 1536w, https:\/\/cantocello.ddns.net\/wp-content\/uploads\/2025\/11\/WhatsApp-Image-2025-11-01-at-20.36.49-624x470.jpeg 624w, https:\/\/cantocello.ddns.net\/wp-content\/uploads\/2025\/11\/WhatsApp-Image-2025-11-01-at-20.36.49.jpeg 2040w\" sizes=\"auto, (max-width: 1024px) 100vw, 1024px\" \/><\/figure>\n\n\n\n<figure class=\"wp-block-image size-large\"><img loading=\"lazy\" decoding=\"async\" width=\"771\" height=\"1024\" data-id=\"931\" src=\"https:\/\/cantocello.ddns.net\/wp-content\/uploads\/2025\/11\/WhatsApp-Image-2025-11-01-at-20.38.07-771x1024.jpeg\" alt=\"\" class=\"wp-image-931\" srcset=\"https:\/\/cantocello.ddns.net\/wp-content\/uploads\/2025\/11\/WhatsApp-Image-2025-11-01-at-20.38.07-771x1024.jpeg 771w, https:\/\/cantocello.ddns.net\/wp-content\/uploads\/2025\/11\/WhatsApp-Image-2025-11-01-at-20.38.07-226x300.jpeg 226w, https:\/\/cantocello.ddns.net\/wp-content\/uploads\/2025\/11\/WhatsApp-Image-2025-11-01-at-20.38.07-768x1020.jpeg 768w, https:\/\/cantocello.ddns.net\/wp-content\/uploads\/2025\/11\/WhatsApp-Image-2025-11-01-at-20.38.07-1157x1536.jpeg 1157w, https:\/\/cantocello.ddns.net\/wp-content\/uploads\/2025\/11\/WhatsApp-Image-2025-11-01-at-20.38.07-624x829.jpeg 624w, https:\/\/cantocello.ddns.net\/wp-content\/uploads\/2025\/11\/WhatsApp-Image-2025-11-01-at-20.38.07.jpeg 1536w\" sizes=\"auto, (max-width: 771px) 100vw, 771px\" \/><\/figure>\n\n\n\n<figure class=\"wp-block-image size-large\"><img loading=\"lazy\" decoding=\"async\" width=\"771\" height=\"1024\" data-id=\"929\" src=\"https:\/\/cantocello.ddns.net\/wp-content\/uploads\/2025\/11\/WhatsApp-Image-2025-11-01-at-20.38.06-771x1024.jpeg\" alt=\"\" class=\"wp-image-929\" srcset=\"https:\/\/cantocello.ddns.net\/wp-content\/uploads\/2025\/11\/WhatsApp-Image-2025-11-01-at-20.38.06-771x1024.jpeg 771w, https:\/\/cantocello.ddns.net\/wp-content\/uploads\/2025\/11\/WhatsApp-Image-2025-11-01-at-20.38.06-226x300.jpeg 226w, https:\/\/cantocello.ddns.net\/wp-content\/uploads\/2025\/11\/WhatsApp-Image-2025-11-01-at-20.38.06-768x1020.jpeg 768w, https:\/\/cantocello.ddns.net\/wp-content\/uploads\/2025\/11\/WhatsApp-Image-2025-11-01-at-20.38.06-1157x1536.jpeg 1157w, https:\/\/cantocello.ddns.net\/wp-content\/uploads\/2025\/11\/WhatsApp-Image-2025-11-01-at-20.38.06-624x829.jpeg 624w, https:\/\/cantocello.ddns.net\/wp-content\/uploads\/2025\/11\/WhatsApp-Image-2025-11-01-at-20.38.06.jpeg 1536w\" sizes=\"auto, (max-width: 771px) 100vw, 771px\" \/><\/figure>\n\n\n\n<figure class=\"wp-block-image size-large\"><img loading=\"lazy\" decoding=\"async\" width=\"771\" height=\"1024\" data-id=\"928\" src=\"https:\/\/cantocello.ddns.net\/wp-content\/uploads\/2025\/11\/WhatsApp-Image-2025-11-01-at-20.38.08-1-771x1024.jpeg\" alt=\"\" class=\"wp-image-928\" srcset=\"https:\/\/cantocello.ddns.net\/wp-content\/uploads\/2025\/11\/WhatsApp-Image-2025-11-01-at-20.38.08-1-771x1024.jpeg 771w, https:\/\/cantocello.ddns.net\/wp-content\/uploads\/2025\/11\/WhatsApp-Image-2025-11-01-at-20.38.08-1-226x300.jpeg 226w, https:\/\/cantocello.ddns.net\/wp-content\/uploads\/2025\/11\/WhatsApp-Image-2025-11-01-at-20.38.08-1-768x1020.jpeg 768w, https:\/\/cantocello.ddns.net\/wp-content\/uploads\/2025\/11\/WhatsApp-Image-2025-11-01-at-20.38.08-1-1157x1536.jpeg 1157w, https:\/\/cantocello.ddns.net\/wp-content\/uploads\/2025\/11\/WhatsApp-Image-2025-11-01-at-20.38.08-1-624x829.jpeg 624w, https:\/\/cantocello.ddns.net\/wp-content\/uploads\/2025\/11\/WhatsApp-Image-2025-11-01-at-20.38.08-1.jpeg 1536w\" sizes=\"auto, (max-width: 771px) 100vw, 771px\" \/><\/figure>\n\n\n\n<figure class=\"wp-block-image size-large\"><img loading=\"lazy\" decoding=\"async\" width=\"771\" height=\"1024\" data-id=\"926\" src=\"https:\/\/cantocello.ddns.net\/wp-content\/uploads\/2025\/11\/WhatsApp-Image-2025-11-01-at-20.39.11-771x1024.jpeg\" alt=\"\" class=\"wp-image-926\" srcset=\"https:\/\/cantocello.ddns.net\/wp-content\/uploads\/2025\/11\/WhatsApp-Image-2025-11-01-at-20.39.11-771x1024.jpeg 771w, https:\/\/cantocello.ddns.net\/wp-content\/uploads\/2025\/11\/WhatsApp-Image-2025-11-01-at-20.39.11-226x300.jpeg 226w, https:\/\/cantocello.ddns.net\/wp-content\/uploads\/2025\/11\/WhatsApp-Image-2025-11-01-at-20.39.11-768x1020.jpeg 768w, https:\/\/cantocello.ddns.net\/wp-content\/uploads\/2025\/11\/WhatsApp-Image-2025-11-01-at-20.39.11-1157x1536.jpeg 1157w, https:\/\/cantocello.ddns.net\/wp-content\/uploads\/2025\/11\/WhatsApp-Image-2025-11-01-at-20.39.11-624x829.jpeg 624w, https:\/\/cantocello.ddns.net\/wp-content\/uploads\/2025\/11\/WhatsApp-Image-2025-11-01-at-20.39.11.jpeg 1536w\" sizes=\"auto, (max-width: 771px) 100vw, 771px\" \/><\/figure>\n\n\n\n<figure class=\"wp-block-image size-large\"><img loading=\"lazy\" decoding=\"async\" width=\"771\" height=\"1024\" data-id=\"927\" src=\"https:\/\/cantocello.ddns.net\/wp-content\/uploads\/2025\/11\/WhatsApp-Image-2025-11-01-at-20.38.08-771x1024.jpeg\" alt=\"\" class=\"wp-image-927\" srcset=\"https:\/\/cantocello.ddns.net\/wp-content\/uploads\/2025\/11\/WhatsApp-Image-2025-11-01-at-20.38.08-771x1024.jpeg 771w, https:\/\/cantocello.ddns.net\/wp-content\/uploads\/2025\/11\/WhatsApp-Image-2025-11-01-at-20.38.08-226x300.jpeg 226w, https:\/\/cantocello.ddns.net\/wp-content\/uploads\/2025\/11\/WhatsApp-Image-2025-11-01-at-20.38.08-768x1020.jpeg 768w, https:\/\/cantocello.ddns.net\/wp-content\/uploads\/2025\/11\/WhatsApp-Image-2025-11-01-at-20.38.08-1157x1536.jpeg 1157w, https:\/\/cantocello.ddns.net\/wp-content\/uploads\/2025\/11\/WhatsApp-Image-2025-11-01-at-20.38.08-624x829.jpeg 624w, https:\/\/cantocello.ddns.net\/wp-content\/uploads\/2025\/11\/WhatsApp-Image-2025-11-01-at-20.38.08.jpeg 1536w\" sizes=\"auto, (max-width: 771px) 100vw, 771px\" \/><\/figure>\n<\/figure>\n\n\n\n<h3 class=\"wp-block-heading\"><strong>Concerts pass\u00e9s<\/strong><\/h3>\n\n\n\n<ul class=\"wp-block-list\">\n<li>Dimanche 22 mars 2026 \u00e0 17h \u00e0 l&rsquo;\u00e9glise Saint-Jean \u00e0 Cour, Lausanne<\/li>\n\n\n\n<li>Samedi 1<sup>er<\/sup> novembre 2025 \u00e0 17h &#8211; Concert \u00e0 l\u2019\u00c9glise romane de Saint-Sulpice<\/li>\n\n\n\n<li>Dimanche 23 mars 2025 \u00e0 17h &#8211; Concert \u00e0 l\u2019\u00c9glise Saint-Vincent \u00e0 Montreux<\/li>\n\n\n\n<li>Dimanche 27 octobre 2024 \u00e0 17h &#8211; Concert au <a href=\"https:\/\/www.cantorama.ch\/files\/Veranstaltung\/C09_Ensemble_Vocal_Cantocello.pdf\">Cantorama \u00e0 Jaun<\/a><\/li>\n\n\n\n<li>Samedi 5 octobre 2024 \u00e0 18h&nbsp; &#8211; Concert \u00e0 l\u2019\u00c9glise de Perroy<\/li>\n\n\n\n<li>Dimanche 6 octobre 2024 \u00e0 17h &#8211; Concert \u00e0 l\u2019\u00c9glise Saints-Pierre-et-Paul de Marly de Marly<\/li>\n\n\n\n<li>Vendredi Saint 29 mars 2024 \u00e0 18h30 &#8211; Concert \u00e0 la Pelouse \u00e0 Bex<\/li>\n\n\n\n<li>Samedi 7 octobre 2023&nbsp; &#8211; Concert \u00e0 l\u2019\u00c9glise romane de Saint-Sulpice<\/li>\n\n\n\n<li>Dimanche 8 octobre 2023 &#8211; Concert \u00e0 la Chaux-de-Fonds, Conservatoire, Salle Faller<\/li>\n\n\n\n<li>Samedi 3 juin 2023 &#8211; Concert \u00e0 l&rsquo;Abbaye de Montheron<\/li>\n\n\n\n<li>Dimanche 4 juin 2023 &#8211; Concert aux Musicales de Compesi\u00e8res<\/li>\n\n\n\n<li>Dimanche 26 f\u00e9vrier 2023&nbsp; &#8211; Concert au Temple du Locle<\/li>\n\n\n\n<li>Samedi 27 ao\u00fbt 2022 &#8211; Concert priv\u00e9 \u00e0 la Pelouse \u00e0 Bex<\/li>\n\n\n\n<li>Dimanche 3 septembre 2022 &#8211;<a href=\"https:\/\/www.schubertiade.ch\/\"> Schubertiade<\/a> \u00e0 Fribourg\n<ul class=\"wp-block-list\">\n<li>11h Cath\u00e9drale St-Nicolas<\/li>\n\n\n\n<li>15h30 \u00c9glise St-Ursule<\/li>\n<\/ul>\n<\/li>\n\n\n\n<li>Dimanche 10 avril 2022 &#8211; Concert \u00e0 Montreux, \u00c9glise St-Vincent<\/li>\n\n\n\n<li>Dimanche 6 mars 2022 &#8211; Concert \u00e0 Cully, \u00c9glise catholique<\/li>\n\n\n\n<li>Samedi 16 octobre 2021 \u00e0 18h30 &#8211; Concert caritatif \u00e0 la Pelouse \u00e0 Bex<\/li>\n\n\n\n<li>Dimanche 17 octobre 2021 \u00e0 17h30 &#8211; Concert \u00e0 l\u2019\u00c9glise de Gruy\u00e8re<\/li>\n\n\n\n<li>Dimanche 8 mars 2020 &#8211; Concert \u00e0 L&rsquo;Ancienne \u00c9glise, 1042 Assens<\/li>\n\n\n\n<li>Dimanche 17 novembre 2019&nbsp; &#8211; Concert \u00e0 L\u2019\u00c9glise de la Chi\u00e9saz, 1806 Saint-L\u00e9gier<\/li>\n\n\n\n<li>Dimanche 10 novembre 2019 &#8211; Concert priv\u00e9 au Ch\u00e2teau Fallot, 1012 Lausanne Chailly<\/li>\n\n\n\n<li>Dimanche 19 mai 2019 &#8211; Perroy, \u00c9glise<\/li>\n\n\n\n<li>Jeudi 9 mai 2019 &#8211; Epalinges, \u00c9glise des Croisettes<\/li>\n\n\n\n<li>Dimanche 14 avril 2019 &#8211; Saint-Sulpice, \u00c9glise romane<\/li>\n<\/ul>\n\n\n<div class=\"wp-block-image wp-image-845\">\n<figure class=\"aligncenter is-resized\"><img loading=\"lazy\" decoding=\"async\" width=\"252\" height=\"300\" src=\"http:\/\/cantocello.ddns.net\/wp-content\/uploads\/2024\/12\/BBBB-\u00a9-Gitty-Darugar2024.-DSC01134.-2MO-252x300.jpg\" alt=\"\" class=\"wp-image-845\" style=\"width:490px;height:auto\" srcset=\"https:\/\/cantocello.ddns.net\/wp-content\/uploads\/2024\/12\/BBBB-\u00a9-Gitty-Darugar2024.-DSC01134.-2MO-252x300.jpg 252w, https:\/\/cantocello.ddns.net\/wp-content\/uploads\/2024\/12\/BBBB-\u00a9-Gitty-Darugar2024.-DSC01134.-2MO-768x916.jpg 768w, https:\/\/cantocello.ddns.net\/wp-content\/uploads\/2024\/12\/BBBB-\u00a9-Gitty-Darugar2024.-DSC01134.-2MO-859x1024.jpg 859w, https:\/\/cantocello.ddns.net\/wp-content\/uploads\/2024\/12\/BBBB-\u00a9-Gitty-Darugar2024.-DSC01134.-2MO-624x744.jpg 624w\" sizes=\"auto, (max-width: 252px) 100vw, 252px\" \/><figcaption class=\"wp-element-caption\">\u00a9 Gitty Darugar 2024<\/figcaption><\/figure><\/div>","protected":false},"excerpt":{"rendered":"<p>Concerts \u00e0 venir Nous pourrez nous entendre sous la direction de Jean-Luc Waeber Concerts pass\u00e9s<\/p>\n","protected":false},"author":1,"featured_media":0,"parent":0,"menu_order":0,"comment_status":"closed","ping_status":"closed","template":"","meta":{"footnotes":""},"class_list":["post-148","page","type-page","status-publish","hentry"],"_links":{"self":[{"href":"https:\/\/cantocello.ddns.net\/index.php?rest_route=\/wp\/v2\/pages\/148","targetHints":{"allow":["GET"]}}],"collection":[{"href":"https:\/\/cantocello.ddns.net\/index.php?rest_route=\/wp\/v2\/pages"}],"about":[{"href":"https:\/\/cantocello.ddns.net\/index.php?rest_route=\/wp\/v2\/types\/page"}],"author":[{"embeddable":true,"href":"https:\/\/cantocello.ddns.net\/index.php?rest_route=\/wp\/v2\/users\/1"}],"replies":[{"embeddable":true,"href":"https:\/\/cantocello.ddns.net\/index.php?rest_route=%2Fwp%2Fv2%2Fcomments&post=148"}],"version-history":[{"count":0,"href":"https:\/\/cantocello.ddns.net\/index.php?rest_route=\/wp\/v2\/pages\/148\/revisions"}],"wp:attachment":[{"href":"https:\/\/cantocello.ddns.net\/index.php?rest_route=%2Fwp%2Fv2%2Fmedia&parent=148"}],"curies":[{"name":"wp","href":"https:\/\/api.w.org\/{rel}","templated":true}]}}