{"id":14,"date":"2018-11-04T18:38:48","date_gmt":"2018-11-04T17:38:48","guid":{"rendered":"http:\/\/cantocello.ddns.net\/?page_id=14"},"modified":"2026-04-01T17:27:52","modified_gmt":"2026-04-01T15:27:52","slug":"accueil-2","status":"publish","type":"page","link":"https:\/\/cantocello.ddns.net\/","title":{"rendered":"L&rsquo;ensemble vocal Cantocello"},"content":{"rendered":"\n<p>Compos\u00e9 de musiciens professionnels et d\u2019amateurs \u00e9clair\u00e9s, l\u2019ensemble Cantocello associe les voix humaines \u00e0 celle du violoncelle pour explorer un r\u00e9pertoire in\u00e9dit.<\/p>\n\n\n\n<p>Un mariage o\u00f9 couleurs des voyelles, articulations de consonnes, \ncoups d\u2019archets et vibratos du violoncelle fusionnent id\u00e9alement.<\/p>\n\n\n\n<p>Son r\u00e9pertoire va de la Renaissance \u00e0 la musique contemporaine. Pour enrichir le&nbsp;r\u00e9pertoire magnifique mais restreint des \u0153uvres pour ch\u0153ur et violoncelle, l\u2019ensemble Cantocello a command\u00e9 une \u0153uvre \u00e0 Pascal Desarzens, virtuose et compositeur amoureux de la po\u00e9sie : \u00ab\u00a0Ainsi les tourments puis viennent les tournoiements\u00a0\u00bb, cr\u00e9\u00e9 en juin 2023, nous a emmen\u00e9s sur les mots d&rsquo;Hannah Arendt. <\/p>\n\n\n\n<p>Apr\u00e8s avoir travaill\u00e9 cinq ann\u00e9es avec Pascal Crittin, l\u2019ensemble a fait appel \u00e0 un musicien hors pair pour reprendre la direction&nbsp;: c\u2019est avec <a href=\"https:\/\/cantocello.ddns.net\/?p=117\">Jean-Luc Waeber<\/a>, baryton renomm\u00e9 et chef talentueux, que Cantocello a ouvert une nouvelle page de son aventure musicale. <\/p>\n\n\n\n<p>Depuis 2024, Cantocello propose \u00e9galement une perle rare de la p\u00e9riode baroque&nbsp;: accompagn\u00e9 \u00e0 l\u2019orgue et au violoncelle, le <em>Stabat Mater <\/em>du compositeur tch\u00e8que Franti\u0161ek Ign\u00e1c&nbsp;Tuma (1704-1774) d\u00e9veloppe, en une vingtaine de minutes, la palette des \u00e9motions de la m\u00e8re au pied de la croix avec toutes les finesses de l\u2019art baroque.<\/p>\n\n\n<div class=\"wp-block-image\">\n<figure class=\"aligncenter size-large\"><img loading=\"lazy\" decoding=\"async\" width=\"724\" height=\"1024\" src=\"http:\/\/cantocello.ddns.net\/wp-content\/uploads\/2026\/02\/Flyer-Cantocello-Pelouse-mars-2026-revu-724x1024.jpg\" alt=\"\" class=\"wp-image-947\" srcset=\"https:\/\/cantocello.ddns.net\/wp-content\/uploads\/2026\/02\/Flyer-Cantocello-Pelouse-mars-2026-revu-724x1024.jpg 724w, https:\/\/cantocello.ddns.net\/wp-content\/uploads\/2026\/02\/Flyer-Cantocello-Pelouse-mars-2026-revu-212x300.jpg 212w, https:\/\/cantocello.ddns.net\/wp-content\/uploads\/2026\/02\/Flyer-Cantocello-Pelouse-mars-2026-revu-768x1086.jpg 768w, https:\/\/cantocello.ddns.net\/wp-content\/uploads\/2026\/02\/Flyer-Cantocello-Pelouse-mars-2026-revu-1086x1536.jpg 1086w, https:\/\/cantocello.ddns.net\/wp-content\/uploads\/2026\/02\/Flyer-Cantocello-Pelouse-mars-2026-revu-1448x2048.jpg 1448w, https:\/\/cantocello.ddns.net\/wp-content\/uploads\/2026\/02\/Flyer-Cantocello-Pelouse-mars-2026-revu-624x882.jpg 624w, https:\/\/cantocello.ddns.net\/wp-content\/uploads\/2026\/02\/Flyer-Cantocello-Pelouse-mars-2026-revu-scaled.jpg 1810w\" sizes=\"auto, (max-width: 724px) 100vw, 724px\" \/><\/figure><\/div>\n\n\n<div class=\"wp-block-group is-nowrap is-layout-flex wp-container-core-group-is-layout-ad2f72ca wp-block-group-is-layout-flex\">\n<p class=\"has-text-align-center\"><\/p>\n<\/div>\n\n\n<div class=\"wp-block-image\">\n<figure class=\"aligncenter size-large\"><img loading=\"lazy\" decoding=\"async\" width=\"1024\" height=\"771\" src=\"http:\/\/cantocello.ddns.net\/wp-content\/uploads\/2025\/01\/BBBCCC\u00a9-Gitty-Darugar-2024.-DSCO1119.JPG-2MO-1024x771.jpg\" alt=\"\" class=\"wp-image-896\" srcset=\"https:\/\/cantocello.ddns.net\/wp-content\/uploads\/2025\/01\/BBBCCC\u00a9-Gitty-Darugar-2024.-DSCO1119.JPG-2MO-1024x771.jpg 1024w, https:\/\/cantocello.ddns.net\/wp-content\/uploads\/2025\/01\/BBBCCC\u00a9-Gitty-Darugar-2024.-DSCO1119.JPG-2MO-300x226.jpg 300w, https:\/\/cantocello.ddns.net\/wp-content\/uploads\/2025\/01\/BBBCCC\u00a9-Gitty-Darugar-2024.-DSCO1119.JPG-2MO-768x578.jpg 768w, https:\/\/cantocello.ddns.net\/wp-content\/uploads\/2025\/01\/BBBCCC\u00a9-Gitty-Darugar-2024.-DSCO1119.JPG-2MO-1536x1156.jpg 1536w, https:\/\/cantocello.ddns.net\/wp-content\/uploads\/2025\/01\/BBBCCC\u00a9-Gitty-Darugar-2024.-DSCO1119.JPG-2MO-2048x1541.jpg 2048w, https:\/\/cantocello.ddns.net\/wp-content\/uploads\/2025\/01\/BBBCCC\u00a9-Gitty-Darugar-2024.-DSCO1119.JPG-2MO-624x470.jpg 624w\" sizes=\"auto, (max-width: 1024px) 100vw, 1024px\" \/><figcaption class=\"wp-element-caption\">\u00a9 Gitty Darugar 2024.<\/figcaption><\/figure><\/div>","protected":false},"excerpt":{"rendered":"<p>Compos\u00e9 de musiciens professionnels et d\u2019amateurs \u00e9clair\u00e9s, l\u2019ensemble Cantocello associe les voix humaines \u00e0 celle du violoncelle pour explorer un r\u00e9pertoire in\u00e9dit. Un mariage o\u00f9 couleurs des voyelles, articulations de consonnes, coups d\u2019archets et vibratos du violoncelle fusionnent id\u00e9alement. Son r\u00e9pertoire va de la Renaissance \u00e0 la musique contemporaine. Pour enrichir le&nbsp;r\u00e9pertoire magnifique mais restreint [&hellip;]<\/p>\n","protected":false},"author":1,"featured_media":0,"parent":0,"menu_order":0,"comment_status":"closed","ping_status":"closed","template":"page-templates\/full-width.php","meta":{"footnotes":""},"class_list":["post-14","page","type-page","status-publish","hentry"],"_links":{"self":[{"href":"https:\/\/cantocello.ddns.net\/index.php?rest_route=\/wp\/v2\/pages\/14","targetHints":{"allow":["GET"]}}],"collection":[{"href":"https:\/\/cantocello.ddns.net\/index.php?rest_route=\/wp\/v2\/pages"}],"about":[{"href":"https:\/\/cantocello.ddns.net\/index.php?rest_route=\/wp\/v2\/types\/page"}],"author":[{"embeddable":true,"href":"https:\/\/cantocello.ddns.net\/index.php?rest_route=\/wp\/v2\/users\/1"}],"replies":[{"embeddable":true,"href":"https:\/\/cantocello.ddns.net\/index.php?rest_route=%2Fwp%2Fv2%2Fcomments&post=14"}],"version-history":[{"count":0,"href":"https:\/\/cantocello.ddns.net\/index.php?rest_route=\/wp\/v2\/pages\/14\/revisions"}],"wp:attachment":[{"href":"https:\/\/cantocello.ddns.net\/index.php?rest_route=%2Fwp%2Fv2%2Fmedia&parent=14"}],"curies":[{"name":"wp","href":"https:\/\/api.w.org\/{rel}","templated":true}]}}